{"id":8,"date":"2022-03-07T21:26:50","date_gmt":"2022-03-07T20:26:50","guid":{"rendered":"https:\/\/www.1sante.com\/online\/all-listings\/"},"modified":"2026-02-21T15:22:25","modified_gmt":"2026-02-21T14:22:25","slug":"all-listings","status":"publish","type":"page","link":"https:\/\/www.1sante.com\/online\/","title":{"rendered":"Annuaire m\u00e9dical alg\u00e9rien"},"content":{"rendered":"","protected":false},"excerpt":{"rendered":"","protected":false},"author":2,"featured_media":0,"parent":0,"menu_order":0,"comment_status":"closed","ping_status":"closed","template":"","meta":{"footnotes":""},"class_list":["post-8","page","type-page","status-publish","hentry"],"yoast_head":"<!-- This site is optimized with the Yoast SEO plugin v27.0 - https:\/\/yoast.com\/product\/yoast-seo-wordpress\/ -->\n<title>1sant\u00e9 Annuaire m\u00e9dical alg\u00e9rien -<\/title>\n<meta name=\"description\" content=\"Annuaire des professionnels de la sant\u00e9 en Alg\u00e9rie, m\u00e9decins, pharmaciens, chirurgiens dentistes, laboratoires d\u2019analyses m\u00e9dicales, .etc.\" \/>\n<meta name=\"robots\" content=\"index, follow, max-snippet:-1, max-image-preview:large, max-video-preview:-1\" \/>\n<link rel=\"canonical\" href=\"https:\/\/www.1sante.com\/online\/\" \/>\n<meta property=\"og:locale\" content=\"fr_FR\" \/>\n<meta property=\"og:type\" content=\"article\" \/>\n<meta property=\"og:title\" content=\"1sant\u00e9 Annuaire m\u00e9dical alg\u00e9rien -\" \/>\n<meta property=\"og:description\" content=\"Annuaire des professionnels de la sant\u00e9 en Alg\u00e9rie, m\u00e9decins, pharmaciens, chirurgiens dentistes, laboratoires d\u2019analyses m\u00e9dicales, .etc.\" \/>\n<meta property=\"og:url\" content=\"https:\/\/www.1sante.com\/online\/\" \/>\n<meta property=\"og:site_name\" content=\"1sant\u00e9\" \/>\n<meta property=\"article:publisher\" content=\"https:\/\/web.facebook.com\/annuairemedical1sante\/\" \/>\n<meta property=\"article:modified_time\" content=\"2026-02-21T14:22:25+00:00\" \/>\n<meta name=\"twitter:card\" content=\"summary_large_image\" \/>\n<script type=\"application\/ld+json\" class=\"yoast-schema-graph\">{\"@context\":\"https:\/\/schema.org\",\"@graph\":[{\"@type\":\"WebPage\",\"@id\":\"https:\/\/www.1sante.com\/online\/\",\"url\":\"https:\/\/www.1sante.com\/online\/\",\"name\":\"1sant\u00e9 Annuaire m\u00e9dical alg\u00e9rien -\",\"isPartOf\":{\"@id\":\"https:\/\/www.1sante.com\/online\/#website\"},\"datePublished\":\"2022-03-07T20:26:50+00:00\",\"dateModified\":\"2026-02-21T14:22:25+00:00\",\"description\":\"Annuaire des professionnels de la sant\u00e9 en Alg\u00e9rie, m\u00e9decins, pharmaciens, chirurgiens dentistes, laboratoires d\u2019analyses m\u00e9dicales, .etc.\",\"breadcrumb\":{\"@id\":\"https:\/\/www.1sante.com\/online\/#breadcrumb\"},\"inLanguage\":\"fr-FR\",\"potentialAction\":[{\"@type\":\"ReadAction\",\"target\":[\"https:\/\/www.1sante.com\/online\/\"]}]},{\"@type\":\"BreadcrumbList\",\"@id\":\"https:\/\/www.1sante.com\/online\/#breadcrumb\",\"itemListElement\":[{\"@type\":\"ListItem\",\"position\":1,\"name\":\"Accueil\",\"item\":\"https:\/\/www.1sante.com\/online\/\"},{\"@type\":\"ListItem\",\"position\":2,\"name\":\"Annuaire m\u00e9dical alg\u00e9rien\"}]},{\"@type\":\"WebSite\",\"@id\":\"https:\/\/www.1sante.com\/online\/#website\",\"url\":\"https:\/\/www.1sante.com\/online\/\",\"name\":\"1sant\u00e9\",\"description\":\"1er Annuaire m\u00e9dical en Alg\u00e9rie\",\"publisher\":{\"@id\":\"https:\/\/www.1sante.com\/online\/#organization\"},\"potentialAction\":[{\"@type\":\"SearchAction\",\"target\":{\"@type\":\"EntryPoint\",\"urlTemplate\":\"https:\/\/www.1sante.com\/online\/?s={search_term_string}\"},\"query-input\":{\"@type\":\"PropertyValueSpecification\",\"valueRequired\":true,\"valueName\":\"search_term_string\"}}],\"inLanguage\":\"fr-FR\"},{\"@type\":\"Organization\",\"@id\":\"https:\/\/www.1sante.com\/online\/#organization\",\"name\":\"Dzair info\",\"url\":\"https:\/\/www.1sante.com\/online\/\",\"logo\":{\"@type\":\"ImageObject\",\"inLanguage\":\"fr-FR\",\"@id\":\"https:\/\/www.1sante.com\/online\/#\/schema\/logo\/image\/\",\"url\":\"https:\/\/www.1sante.com\/online\/wp-content\/uploads\/2026\/05\/logo-dzair-info.png\",\"contentUrl\":\"https:\/\/www.1sante.com\/online\/wp-content\/uploads\/2026\/05\/logo-dzair-info.png\",\"width\":236,\"height\":160,\"caption\":\"Dzair info\"},\"image\":{\"@id\":\"https:\/\/www.1sante.com\/online\/#\/schema\/logo\/image\/\"},\"sameAs\":[\"https:\/\/web.facebook.com\/annuairemedical1sante\/\"]}]}<\/script>\n<!-- \/ Yoast SEO plugin. -->","yoast_head_json":{"title":"1sant\u00e9 Annuaire m\u00e9dical alg\u00e9rien -","description":"Annuaire des professionnels de la sant\u00e9 en Alg\u00e9rie, m\u00e9decins, pharmaciens, chirurgiens dentistes, laboratoires d\u2019analyses m\u00e9dicales, .etc.","robots":{"index":"index","follow":"follow","max-snippet":"max-snippet:-1","max-image-preview":"max-image-preview:large","max-video-preview":"max-video-preview:-1"},"canonical":"https:\/\/www.1sante.com\/online\/","og_locale":"fr_FR","og_type":"article","og_title":"1sant\u00e9 Annuaire m\u00e9dical alg\u00e9rien -","og_description":"Annuaire des professionnels de la sant\u00e9 en Alg\u00e9rie, m\u00e9decins, pharmaciens, chirurgiens dentistes, laboratoires d\u2019analyses m\u00e9dicales, .etc.","og_url":"https:\/\/www.1sante.com\/online\/","og_site_name":"1sant\u00e9","article_publisher":"https:\/\/web.facebook.com\/annuairemedical1sante\/","article_modified_time":"2026-02-21T14:22:25+00:00","twitter_card":"summary_large_image","schema":{"@context":"https:\/\/schema.org","@graph":[{"@type":"WebPage","@id":"https:\/\/www.1sante.com\/online\/","url":"https:\/\/www.1sante.com\/online\/","name":"1sant\u00e9 Annuaire m\u00e9dical alg\u00e9rien -","isPartOf":{"@id":"https:\/\/www.1sante.com\/online\/#website"},"datePublished":"2022-03-07T20:26:50+00:00","dateModified":"2026-02-21T14:22:25+00:00","description":"Annuaire des professionnels de la sant\u00e9 en Alg\u00e9rie, m\u00e9decins, pharmaciens, chirurgiens dentistes, laboratoires d\u2019analyses m\u00e9dicales, .etc.","breadcrumb":{"@id":"https:\/\/www.1sante.com\/online\/#breadcrumb"},"inLanguage":"fr-FR","potentialAction":[{"@type":"ReadAction","target":["https:\/\/www.1sante.com\/online\/"]}]},{"@type":"BreadcrumbList","@id":"https:\/\/www.1sante.com\/online\/#breadcrumb","itemListElement":[{"@type":"ListItem","position":1,"name":"Accueil","item":"https:\/\/www.1sante.com\/online\/"},{"@type":"ListItem","position":2,"name":"Annuaire m\u00e9dical alg\u00e9rien"}]},{"@type":"WebSite","@id":"https:\/\/www.1sante.com\/online\/#website","url":"https:\/\/www.1sante.com\/online\/","name":"1sant\u00e9","description":"1er Annuaire m\u00e9dical en Alg\u00e9rie","publisher":{"@id":"https:\/\/www.1sante.com\/online\/#organization"},"potentialAction":[{"@type":"SearchAction","target":{"@type":"EntryPoint","urlTemplate":"https:\/\/www.1sante.com\/online\/?s={search_term_string}"},"query-input":{"@type":"PropertyValueSpecification","valueRequired":true,"valueName":"search_term_string"}}],"inLanguage":"fr-FR"},{"@type":"Organization","@id":"https:\/\/www.1sante.com\/online\/#organization","name":"Dzair info","url":"https:\/\/www.1sante.com\/online\/","logo":{"@type":"ImageObject","inLanguage":"fr-FR","@id":"https:\/\/www.1sante.com\/online\/#\/schema\/logo\/image\/","url":"https:\/\/www.1sante.com\/online\/wp-content\/uploads\/2026\/05\/logo-dzair-info.png","contentUrl":"https:\/\/www.1sante.com\/online\/wp-content\/uploads\/2026\/05\/logo-dzair-info.png","width":236,"height":160,"caption":"Dzair info"},"image":{"@id":"https:\/\/www.1sante.com\/online\/#\/schema\/logo\/image\/"},"sameAs":["https:\/\/web.facebook.com\/annuairemedical1sante\/"]}]}},"_links":{"self":[{"href":"https:\/\/www.1sante.com\/online\/wp-json\/wp\/v2\/pages\/8","targetHints":{"allow":["GET"]}}],"collection":[{"href":"https:\/\/www.1sante.com\/online\/wp-json\/wp\/v2\/pages"}],"about":[{"href":"https:\/\/www.1sante.com\/online\/wp-json\/wp\/v2\/types\/page"}],"author":[{"embeddable":true,"href":"https:\/\/www.1sante.com\/online\/wp-json\/wp\/v2\/users\/2"}],"replies":[{"embeddable":true,"href":"https:\/\/www.1sante.com\/online\/wp-json\/wp\/v2\/comments?post=8"}],"version-history":[{"count":14,"href":"https:\/\/www.1sante.com\/online\/wp-json\/wp\/v2\/pages\/8\/revisions"}],"predecessor-version":[{"id":18167,"href":"https:\/\/www.1sante.com\/online\/wp-json\/wp\/v2\/pages\/8\/revisions\/18167"}],"wp:attachment":[{"href":"https:\/\/www.1sante.com\/online\/wp-json\/wp\/v2\/media?parent=8"}],"curies":[{"name":"wp","href":"https:\/\/api.w.org\/{rel}","templated":true}]}}