{"id":7,"date":"2022-03-07T21:26:50","date_gmt":"2022-03-07T21:26:50","guid":{"rendered":"https:\/\/www.1sante.com\/online\/add-listing\/"},"modified":"2024-01-27T23:02:40","modified_gmt":"2024-01-27T22:02:40","slug":"inscription","status":"publish","type":"page","link":"https:\/\/www.1sante.com\/online\/inscription\/","title":{"rendered":"Inscription \u00e0 l&#8217;annuaire"},"content":{"rendered":"<h3>Pour figurer sur notre annuaire m\u00e9dical www.1sante.com, veuillez remplir soigneusement le formulaire suivant :<\/h3>\n<h3><\/h3>\n<p>Les champs d\u00e9not\u00e9s par (*) sont obligatoires.<\/p>\n\n<div class=\"wpcf7 no-js\" id=\"wpcf7-f18207-o1\" lang=\"fr-FR\" dir=\"ltr\" data-wpcf7-id=\"18207\">\n<div class=\"screen-reader-response\"><p role=\"status\" aria-live=\"polite\" aria-atomic=\"true\"><\/p> <ul><\/ul><\/div>\n<form action=\"\/online\/wp-json\/wp\/v2\/pages\/7#wpcf7-f18207-o1\" method=\"post\" class=\"wpcf7-form init\" aria-label=\"Formulaire de contact\" novalidate=\"novalidate\" data-status=\"init\">\n<fieldset class=\"hidden-fields-container\"><input type=\"hidden\" name=\"_wpcf7\" value=\"18207\" \/><input type=\"hidden\" name=\"_wpcf7_version\" value=\"6.1.5\" \/><input type=\"hidden\" name=\"_wpcf7_locale\" value=\"fr_FR\" \/><input type=\"hidden\" name=\"_wpcf7_unit_tag\" value=\"wpcf7-f18207-o1\" \/><input type=\"hidden\" name=\"_wpcf7_container_post\" value=\"0\" \/><input type=\"hidden\" name=\"_wpcf7_posted_data_hash\" value=\"\" \/>\n<\/fieldset>\n<p><label>Civilit\u00e9 * <span class=\"wpcf7-form-control-wrap\" data-name=\"civilite\"><select class=\"wpcf7-form-control wpcf7-select wpcf7-validates-as-required\" aria-required=\"true\" aria-invalid=\"false\" name=\"civilite\"><option value=\"Mr\">Mr<\/option><option value=\"Mme\">Mme<\/option><option value=\"Dr\">Dr<\/option><option value=\"Pr\">Pr<\/option><\/select><\/span> <\/label>\n<\/p>\n<p><label> Nom *<br \/>\n<span class=\"wpcf7-form-control-wrap\" data-name=\"your-name\"><input size=\"40\" maxlength=\"400\" class=\"wpcf7-form-control wpcf7-text wpcf7-validates-as-required\" aria-required=\"true\" aria-invalid=\"false\" value=\"\" type=\"text\" name=\"your-name\" \/><\/span> <\/label>\n<\/p>\n<p><label> Pr\u00e9nom *<br \/>\n<span class=\"wpcf7-form-control-wrap\" data-name=\"prenom\"><input size=\"40\" maxlength=\"400\" class=\"wpcf7-form-control wpcf7-text wpcf7-validates-as-required\" aria-required=\"true\" aria-invalid=\"false\" value=\"\" type=\"text\" name=\"prenom\" \/><\/span> <\/label>\n<\/p>\n<p><label> Wilaya *<br \/>\n<span class=\"wpcf7-form-control-wrap\" data-name=\"wilaya\"><select class=\"wpcf7-form-control wpcf7-select wpcf7-validates-as-required\" aria-required=\"true\" aria-invalid=\"false\" name=\"wilaya\"><option value=\"\">&#8212;Veuillez choisir une option&#8212;<\/option><option value=\"Adrar\">Adrar<\/option><option value=\"Chlef\">Chlef<\/option><option value=\"Laghouat\">Laghouat<\/option><option value=\"Oum El Bouaghi\">Oum El Bouaghi<\/option><option value=\"Batna\">Batna<\/option><option value=\"Bejaia\">Bejaia<\/option><option value=\"Biskra\">Biskra<\/option><option value=\"Bechar\">Bechar<\/option><option value=\"Blida\">Blida<\/option><option value=\"Bouira\">Bouira<\/option><option value=\"Tamanrasset\">Tamanrasset<\/option><option value=\"Tebessa\">Tebessa<\/option><option value=\"Tlemcen\">Tlemcen<\/option><option value=\"Tiaret\">Tiaret<\/option><option value=\"Tizi Ouzou\">Tizi Ouzou<\/option><option value=\"Alger\">Alger<\/option><option value=\"Djelfa\">Djelfa<\/option><option value=\"Jijel\">Jijel<\/option><option value=\"Setif\">Setif<\/option><option value=\"Sa\u00efda\">Sa\u00efda<\/option><option value=\"Skikda\">Skikda<\/option><option value=\"Sidi Bel Abbes\">Sidi Bel Abbes<\/option><option value=\"Annaba\">Annaba<\/option><option value=\"Guelma\">Guelma<\/option><option value=\"Constantine\">Constantine<\/option><option value=\"M\u00e9d\u00e9a\">M\u00e9d\u00e9a<\/option><option value=\"Mostaganem\">Mostaganem<\/option><option value=\"Msila\">Msila<\/option><option value=\"Mascara\">Mascara<\/option><option value=\"Ouargla\">Ouargla<\/option><option value=\"Oran\">Oran<\/option><option value=\"El Bayadh\">El Bayadh<\/option><option value=\"Illizi\">Illizi<\/option><option value=\"Bordj Bou Arreridj\">Bordj Bou Arreridj<\/option><option value=\"Boumerdes\">Boumerdes<\/option><option value=\"El Tarf\">El Tarf<\/option><option value=\"Tindouf\">Tindouf<\/option><option value=\"Tissemsilt\">Tissemsilt<\/option><option value=\"El Oued\">El Oued<\/option><option value=\"Khenchela\">Khenchela<\/option><option value=\"Souk Ahras\">Souk Ahras<\/option><option value=\"Tipaza\">Tipaza<\/option><option value=\"Mila\">Mila<\/option><option value=\"A\u00efn Defla\">A\u00efn Defla<\/option><option value=\"Naama\">Naama<\/option><option value=\"A\u00efn Temouchent\">A\u00efn Temouchent<\/option><option value=\"Ghardaia\">Ghardaia<\/option><option value=\"Relizane\">Relizane<\/option><option value=\"Timimoun\">Timimoun<\/option><option value=\"Bordj Badji Mokhtar\">Bordj Badji Mokhtar<\/option><option value=\"Ouled  Djellal\">Ouled  Djellal<\/option><option value=\"B\u00e9ni Abb\u00e8s\">B\u00e9ni Abb\u00e8s<\/option><option value=\"In Salah\">In Salah<\/option><option value=\"In Guezzam\">In Guezzam<\/option><option value=\"Touggourt\">Touggourt<\/option><option value=\"Djanet\">Djanet<\/option><option value=\"El M\u2019Ghaier\">El M\u2019Ghaier<\/option><option value=\"El Meniaa\">El Meniaa<\/option><\/select><\/span> <\/label>\n<\/p>\n<p><label> Commune *<br \/>\n<span class=\"wpcf7-form-control-wrap\" data-name=\"commune\"><input size=\"40\" maxlength=\"400\" class=\"wpcf7-form-control wpcf7-text wpcf7-validates-as-required\" aria-required=\"true\" aria-invalid=\"false\" value=\"\" type=\"text\" name=\"commune\" \/><\/span> <\/label>\n<\/p>\n<p><label> Adresse *<br \/>\n<span class=\"wpcf7-form-control-wrap\" data-name=\"adresse\"><input size=\"40\" maxlength=\"400\" class=\"wpcf7-form-control wpcf7-text wpcf7-validates-as-required\" aria-required=\"true\" aria-invalid=\"false\" value=\"\" type=\"text\" name=\"adresse\" \/><\/span> <\/label>\n<\/p>\n<p><label> E-mail *<br \/>\n<span class=\"wpcf7-form-control-wrap\" data-name=\"your-email\"><input size=\"40\" maxlength=\"400\" class=\"wpcf7-form-control wpcf7-email wpcf7-validates-as-required wpcf7-text wpcf7-validates-as-email\" aria-required=\"true\" aria-invalid=\"false\" value=\"\" type=\"email\" name=\"your-email\" \/><\/span> <\/label>\n<\/p>\n<p><label> T\u00e9l\u00e9phone 01 *<br \/>\n<span class=\"wpcf7-form-control-wrap\" data-name=\"tel-01\"><input size=\"40\" maxlength=\"400\" class=\"wpcf7-form-control wpcf7-tel wpcf7-validates-as-required wpcf7-text wpcf7-validates-as-tel\" aria-required=\"true\" aria-invalid=\"false\" value=\"\" type=\"tel\" name=\"tel-01\" \/><\/span> <\/label>\n<\/p>\n<p><label> T\u00e9l\u00e9phone 02<br \/>\n<span class=\"wpcf7-form-control-wrap\" data-name=\"tel-02\"><input size=\"40\" maxlength=\"400\" class=\"wpcf7-form-control wpcf7-tel wpcf7-text wpcf7-validates-as-tel\" aria-invalid=\"false\" value=\"\" type=\"tel\" name=\"tel-02\" \/><\/span> <\/label>\n<\/p>\n<p><label> T\u00e9l\u00e9phone 03<br \/>\n<span class=\"wpcf7-form-control-wrap\" data-name=\"tel-03\"><input size=\"40\" maxlength=\"400\" class=\"wpcf7-form-control wpcf7-tel wpcf7-text wpcf7-validates-as-tel\" aria-invalid=\"false\" value=\"\" type=\"tel\" name=\"tel-03\" \/><\/span> <\/label>\n<\/p>\n<p><label> Sp\u00e9cialit\u00e9 *<br \/>\n<span class=\"wpcf7-form-control-wrap\" data-name=\"your-subject\"><select class=\"wpcf7-form-control wpcf7-select wpcf7-validates-as-required\" aria-required=\"true\" aria-invalid=\"false\" name=\"your-subject\"><option value=\"\">&#8212;Veuillez choisir une option&#8212;<\/option><option value=\"Administration d\u2019organisation de la sant\u00e9\">Administration d\u2019organisation de la sant\u00e9<\/option><option value=\"Allergologie\">Allergologie<\/option><option value=\"Ambulance\">Ambulance<\/option><option value=\"Anatomie et cytologie pathologique\">Anatomie et cytologie pathologique<\/option><option value=\"Anesth\u00e9siologie et r\u00e9animation chirurgicale\">Anesth\u00e9siologie et r\u00e9animation chirurgicale<\/option><option value=\"Cardiologie\">Cardiologie<\/option><option value=\"Centre hospitalo-universitaire\">Centre hospitalo-universitaire<\/option><option value=\"Chirurgie g\u00e9n\u00e9rale\">Chirurgie g\u00e9n\u00e9rale<\/option><option value=\"Chirurgie p\u00e9diatrique\">Chirurgie p\u00e9diatrique<\/option><option value=\"Chirurgie plastique et reconstructrice\">Chirurgie plastique et reconstructrice<\/option><option value=\"Chirurgie Sinologique\">Chirurgie Sinologique<\/option><option value=\"Clinique\">Clinique<\/option><option value=\"Consommable m\u00e9dico-chirurgical\">Consommable m\u00e9dico-chirurgical<\/option><option value=\"Consultation m\u00e9dicale \u00e0 domicile\">Consultation m\u00e9dicale \u00e0 domicile<\/option><option value=\"Dermatologie v\u00e9n\u00e9rologie\">Dermatologie v\u00e9n\u00e9rologie<\/option><option value=\"Distributeurs de produits parapharmaceutiques\">Distributeurs de produits parapharmaceutiques<\/option><option value=\"Distributeurs de produits pharmaceutiques\">Distributeurs de produits pharmaceutiques<\/option><option value=\"Endocrinologie-Diab\u00e9tologie-M\u00e9tabolisme\">Endocrinologie-Diab\u00e9tologie-M\u00e9tabolisme<\/option><option value=\"Engineering &amp; services\">Engineering &amp; services<\/option><option value=\"Etablissement hospitalier public\">Etablissement hospitalier public<\/option><option value=\"Etablissement hospitalier sp\u00e9cialis\u00e9\">Etablissement hospitalier sp\u00e9cialis\u00e9<\/option><option value=\"Gastro ent\u00e9rologie\">Gastro ent\u00e9rologie<\/option><option value=\"Gyn\u00e9cologie obst\u00e9trique\">Gyn\u00e9cologie obst\u00e9trique<\/option><option value=\"Habillement m\u00e9dical &amp; chaussures\">Habillement m\u00e9dical &amp; chaussures<\/option><option value=\"H\u00e9matologie\">H\u00e9matologie<\/option><option value=\"Industrie parapharmaceutique\">Industrie parapharmaceutique<\/option><option value=\"Industrie pharmaceutique\">Industrie pharmaceutique<\/option><option value=\"Kin\u00e9sith\u00e9rapie\">Kin\u00e9sith\u00e9rapie<\/option><option value=\"Laboratoires d\u2019analyses m\u00e9dicales\">Laboratoires d\u2019analyses m\u00e9dicales<\/option><option value=\"Maladies infectieuses\">Maladies infectieuses<\/option><option value=\"Mat\u00e9riels m\u00e9dico-chirurgicaux\">Mat\u00e9riels m\u00e9dico-chirurgicaux<\/option><option value=\"M\u00e9decine dentaire\">M\u00e9decine dentaire<\/option><option value=\"M\u00e9decine du sport\">M\u00e9decine du sport<\/option><option value=\"M\u00e9decine du travail\">M\u00e9decine du travail<\/option><option value=\"M\u00e9decine esth\u00e9tique\">M\u00e9decine esth\u00e9tique<\/option><option value=\"M\u00e9decine g\u00e9n\u00e9rale\">M\u00e9decine g\u00e9n\u00e9rale<\/option><option value=\"M\u00e9decine interne\">M\u00e9decine interne<\/option><option value=\"M\u00e9decine l\u00e9gale\">M\u00e9decine l\u00e9gale<\/option><option value=\"M\u00e9decine nucl\u00e9aire\">M\u00e9decine nucl\u00e9aire<\/option><option value=\"M\u00e9decine physique et r\u00e9adaptation fonctionnelle\">M\u00e9decine physique et r\u00e9adaptation fonctionnelle<\/option><option value=\"N\u00e9phrologie\">N\u00e9phrologie<\/option><option value=\"Neurochirurgie\">Neurochirurgie<\/option><option value=\"Neurologie\">Neurologie<\/option><option value=\"Nutritionniste\">Nutritionniste<\/option><option value=\"Ophtalmologie\">Ophtalmologie<\/option><option value=\"ORL\">ORL<\/option><option value=\"Orthop\u00e9die et traumatologie\">Orthop\u00e9die et traumatologie<\/option><option value=\"Orthophonie\">Orthophonie<\/option><option value=\"P\u00e9diatrie\">P\u00e9diatrie<\/option><option value=\"Pneumologie-Phtisiologie\">Pneumologie-Phtisiologie<\/option><option value=\"Pharmacie\">Pharmacie<\/option><option value=\"Prestations de services et autres\">Prestations de services et autres<\/option><option value=\"Proth\u00e9siste orthop\u00e9dique\">Proth\u00e9siste orthop\u00e9dique<\/option><option value=\"Psychiatrie\">Psychiatrie<\/option><option value=\"Psychologie\">Psychologie<\/option><option value=\"Radiologie \/Radio diagnostic\">Radiologie \/Radio diagnostic<\/option><option value=\"R\u00e9animation\">R\u00e9animation<\/option><option value=\"Rhumatologie\">Rhumatologie<\/option><option value=\"Sage-femme\">Sage-femme<\/option><option value=\"Samu\">Samu<\/option><option value=\"Soci\u00e9t\u00e9s \u00e0 l\u2019information m\u00e9dicale\">Soci\u00e9t\u00e9s \u00e0 l\u2019information m\u00e9dicale<\/option><option value=\"Soins infirmiers\">Soins infirmiers<\/option><option value=\"Soins infirmiers \u00e0 domicile\">Soins infirmiers \u00e0 domicile<\/option><option value=\"Stomatologie et chirurgie maxillo-faciale\">Stomatologie et chirurgie maxillo-faciale<\/option><option value=\"Toxicologie\">Toxicologie<\/option><option value=\"Urologie\">Urologie<\/option><\/select><\/span> <\/label>\n<\/p>\n<p><label> Description <span class=\"wpcf7-form-control-wrap\" data-name=\"description\"><textarea cols=\"40\" rows=\"10\" maxlength=\"2000\" class=\"wpcf7-form-control wpcf7-textarea\" aria-invalid=\"false\" name=\"description\"><\/textarea><\/span> <\/label>\n<\/p>\n<p>[cf7sr-simple-recaptcha]\n<\/p>\n<p><input class=\"wpcf7-form-control wpcf7-submit has-spinner\" type=\"submit\" value=\"Envoyer\" \/>\n<\/p><div class=\"wpcf7-response-output\" aria-hidden=\"true\"><\/div>\n<\/form>\n<\/div>\n\n<p><\/p>\n<p>&nbsp;<\/p>\n<p>&nbsp;<\/p>\n<p>&nbsp;<\/p>\n","protected":false},"excerpt":{"rendered":"<p>Pour figurer sur notre annuaire m\u00e9dical www.1sante.com, veuillez remplir soigneusement le formulaire suivant : Les champs d\u00e9not\u00e9s par (*) sont obligatoires. &nbsp; &nbsp; &nbsp;<\/p>\n","protected":false},"author":2,"featured_media":0,"parent":0,"menu_order":0,"comment_status":"closed","ping_status":"closed","template":"","meta":{"footnotes":""},"class_list":["post-7","page","type-page","status-publish","hentry"],"yoast_head":"<!-- This site is optimized with the Yoast SEO plugin v27.0 - https:\/\/yoast.com\/product\/yoast-seo-wordpress\/ -->\n<title>Inscription \u00e0 l&#039;annuaire - 1sant\u00e9<\/title>\n<meta name=\"description\" content=\"Inscription \u00e0 l&#039;annuaire - 1sant\u00e9\" \/>\n<meta name=\"robots\" content=\"index, follow, max-snippet:-1, max-image-preview:large, max-video-preview:-1\" \/>\n<link rel=\"canonical\" href=\"https:\/\/www.1sante.com\/online\/inscription\/\" \/>\n<meta property=\"og:locale\" content=\"fr_FR\" \/>\n<meta property=\"og:type\" content=\"article\" \/>\n<meta property=\"og:title\" content=\"Inscription \u00e0 l&#039;annuaire - 1sant\u00e9\" \/>\n<meta property=\"og:description\" content=\"Inscription \u00e0 l&#039;annuaire - 1sant\u00e9\" \/>\n<meta property=\"og:url\" content=\"https:\/\/www.1sante.com\/online\/inscription\/\" \/>\n<meta property=\"og:site_name\" content=\"1sant\u00e9\" \/>\n<meta property=\"article:publisher\" content=\"https:\/\/web.facebook.com\/annuairemedical1sante\/\" \/>\n<meta property=\"article:modified_time\" content=\"2024-01-27T22:02:40+00:00\" \/>\n<meta name=\"twitter:card\" content=\"summary_large_image\" \/>\n<script type=\"application\/ld+json\" class=\"yoast-schema-graph\">{\"@context\":\"https:\/\/schema.org\",\"@graph\":[{\"@type\":\"WebPage\",\"@id\":\"https:\/\/www.1sante.com\/online\/inscription\/\",\"url\":\"https:\/\/www.1sante.com\/online\/inscription\/\",\"name\":\"Inscription \u00e0 l'annuaire - 1sant\u00e9\",\"isPartOf\":{\"@id\":\"https:\/\/www.1sante.com\/online\/#website\"},\"datePublished\":\"2022-03-07T21:26:50+00:00\",\"dateModified\":\"2024-01-27T22:02:40+00:00\",\"description\":\"Inscription \u00e0 l'annuaire - 1sant\u00e9\",\"breadcrumb\":{\"@id\":\"https:\/\/www.1sante.com\/online\/inscription\/#breadcrumb\"},\"inLanguage\":\"fr-FR\",\"potentialAction\":[{\"@type\":\"ReadAction\",\"target\":[\"https:\/\/www.1sante.com\/online\/inscription\/\"]}]},{\"@type\":\"BreadcrumbList\",\"@id\":\"https:\/\/www.1sante.com\/online\/inscription\/#breadcrumb\",\"itemListElement\":[{\"@type\":\"ListItem\",\"position\":1,\"name\":\"Accueil\",\"item\":\"https:\/\/www.1sante.com\/online\/\"},{\"@type\":\"ListItem\",\"position\":2,\"name\":\"Inscription \u00e0 l&#8217;annuaire\"}]},{\"@type\":\"WebSite\",\"@id\":\"https:\/\/www.1sante.com\/online\/#website\",\"url\":\"https:\/\/www.1sante.com\/online\/\",\"name\":\"1sant\u00e9\",\"description\":\"1er Annuaire m\u00e9dical en Alg\u00e9rie\",\"potentialAction\":[{\"@type\":\"SearchAction\",\"target\":{\"@type\":\"EntryPoint\",\"urlTemplate\":\"https:\/\/www.1sante.com\/online\/?s={search_term_string}\"},\"query-input\":{\"@type\":\"PropertyValueSpecification\",\"valueRequired\":true,\"valueName\":\"search_term_string\"}}],\"inLanguage\":\"fr-FR\"}]}<\/script>\n<!-- \/ Yoast SEO plugin. -->","yoast_head_json":{"title":"Inscription \u00e0 l'annuaire - 1sant\u00e9","description":"Inscription \u00e0 l'annuaire - 1sant\u00e9","robots":{"index":"index","follow":"follow","max-snippet":"max-snippet:-1","max-image-preview":"max-image-preview:large","max-video-preview":"max-video-preview:-1"},"canonical":"https:\/\/www.1sante.com\/online\/inscription\/","og_locale":"fr_FR","og_type":"article","og_title":"Inscription \u00e0 l'annuaire - 1sant\u00e9","og_description":"Inscription \u00e0 l'annuaire - 1sant\u00e9","og_url":"https:\/\/www.1sante.com\/online\/inscription\/","og_site_name":"1sant\u00e9","article_publisher":"https:\/\/web.facebook.com\/annuairemedical1sante\/","article_modified_time":"2024-01-27T22:02:40+00:00","twitter_card":"summary_large_image","schema":{"@context":"https:\/\/schema.org","@graph":[{"@type":"WebPage","@id":"https:\/\/www.1sante.com\/online\/inscription\/","url":"https:\/\/www.1sante.com\/online\/inscription\/","name":"Inscription \u00e0 l'annuaire - 1sant\u00e9","isPartOf":{"@id":"https:\/\/www.1sante.com\/online\/#website"},"datePublished":"2022-03-07T21:26:50+00:00","dateModified":"2024-01-27T22:02:40+00:00","description":"Inscription \u00e0 l'annuaire - 1sant\u00e9","breadcrumb":{"@id":"https:\/\/www.1sante.com\/online\/inscription\/#breadcrumb"},"inLanguage":"fr-FR","potentialAction":[{"@type":"ReadAction","target":["https:\/\/www.1sante.com\/online\/inscription\/"]}]},{"@type":"BreadcrumbList","@id":"https:\/\/www.1sante.com\/online\/inscription\/#breadcrumb","itemListElement":[{"@type":"ListItem","position":1,"name":"Accueil","item":"https:\/\/www.1sante.com\/online\/"},{"@type":"ListItem","position":2,"name":"Inscription \u00e0 l&#8217;annuaire"}]},{"@type":"WebSite","@id":"https:\/\/www.1sante.com\/online\/#website","url":"https:\/\/www.1sante.com\/online\/","name":"1sant\u00e9","description":"1er Annuaire m\u00e9dical en Alg\u00e9rie","potentialAction":[{"@type":"SearchAction","target":{"@type":"EntryPoint","urlTemplate":"https:\/\/www.1sante.com\/online\/?s={search_term_string}"},"query-input":{"@type":"PropertyValueSpecification","valueRequired":true,"valueName":"search_term_string"}}],"inLanguage":"fr-FR"}]}},"_links":{"self":[{"href":"https:\/\/www.1sante.com\/online\/wp-json\/wp\/v2\/pages\/7","targetHints":{"allow":["GET"]}}],"collection":[{"href":"https:\/\/www.1sante.com\/online\/wp-json\/wp\/v2\/pages"}],"about":[{"href":"https:\/\/www.1sante.com\/online\/wp-json\/wp\/v2\/types\/page"}],"author":[{"embeddable":true,"href":"https:\/\/www.1sante.com\/online\/wp-json\/wp\/v2\/users\/2"}],"replies":[{"embeddable":true,"href":"https:\/\/www.1sante.com\/online\/wp-json\/wp\/v2\/comments?post=7"}],"version-history":[{"count":12,"href":"https:\/\/www.1sante.com\/online\/wp-json\/wp\/v2\/pages\/7\/revisions"}],"predecessor-version":[{"id":18367,"href":"https:\/\/www.1sante.com\/online\/wp-json\/wp\/v2\/pages\/7\/revisions\/18367"}],"wp:attachment":[{"href":"https:\/\/www.1sante.com\/online\/wp-json\/wp\/v2\/media?parent=7"}],"curies":[{"name":"wp","href":"https:\/\/api.w.org\/{rel}","templated":true}]}}