{"id":6511,"date":"2022-06-29T19:22:24","date_gmt":"2022-06-29T19:22:24","guid":{"rendered":"https:\/\/www.1sante.com\/?page_id=6511"},"modified":"2023-10-27T18:05:49","modified_gmt":"2023-10-27T17:05:49","slug":"publicite","status":"publish","type":"page","link":"https:\/\/www.1sante.com\/online\/publicite\/","title":{"rendered":"Publicit\u00e9"},"content":{"rendered":"<p>Vous souhaitez annoncer un \u00e9v\u00e8nement ? Promouvoir votre site ?<\/p>\n<p>Les banni\u00e8res publicitaires contribuent \u00e0 faire conna\u00eetre une marque ou travailler sur l&#8217;image de l&#8217;entreprise .<\/p>\n<p>Pourquoi choisir la publicit\u00e9 sur le site <a href=\"http:\/\/www.1sante.com\/\">www.1sante.com<\/a> ?<\/p>\n<p>Gagner une plus grande visibilit\u00e9 ;<\/p>\n<p>Faire la promotion et vendre vos produits \u00e0 un plus grand public.<\/p>\n<p>S&#8217;adresser \u00e0 un march\u00e9 national et international.<\/p>\n<p>En somme , <a href=\"http:\/\/www.1sante.com\/\">www.1sante.com<\/a> vous offre la possibilit\u00e9 de maximiser l&#8217;efficacit\u00e9 de votre investissement sur Internet.<\/p>\n<p>Banni\u00e8res sp\u00e9cifiques :<\/p>\n<p class=\"p1\">A la demande du client, nous pouvons mettre \u00e0 sa disposition tous types de supports publicitaires online sur notre site web, pour lequel nous pouvons adapter le comportement, le format et l\u2019emplacement, comme le Flash transparent (Animation qui couvre la page d\u2019accueil du site) et le Corner (Animation par- dessus l\u2019accueil).<\/p>\n<p>Pour un devis, contactez-nous<\/p>\n<p>DZAIR INFO<\/p>\n<p>0553 70 60 62<\/p>\n<p>contact@<a href=\"http:\/\/www.1sante.com\/\">1sante.com<\/a><\/p>\n","protected":false},"excerpt":{"rendered":"<p>Vous souhaitez annoncer un \u00e9v\u00e8nement ? Promouvoir votre site ? Les banni\u00e8res publicitaires contribuent \u00e0 faire conna\u00eetre une marque ou travailler sur l&#8217;image de l&#8217;entreprise . Pourquoi choisir la publicit\u00e9 sur le site www.1sante.com ? Gagner une plus grande visibilit\u00e9 ; Faire la promotion et vendre vos produits \u00e0 un plus grand public. S&#8217;adresser \u00e0 &hellip;<\/p>\n","protected":false},"author":2,"featured_media":0,"parent":0,"menu_order":0,"comment_status":"closed","ping_status":"closed","template":"","meta":{"footnotes":""},"class_list":["post-6511","page","type-page","status-publish","hentry"],"yoast_head":"<!-- This site is optimized with the Yoast SEO plugin v27.0 - https:\/\/yoast.com\/product\/yoast-seo-wordpress\/ -->\n<title>Publicit\u00e9 - 1sant\u00e9<\/title>\n<meta name=\"description\" content=\"Publicit\u00e9 - 1sant\u00e9\" \/>\n<meta name=\"robots\" content=\"index, follow, max-snippet:-1, max-image-preview:large, max-video-preview:-1\" \/>\n<link rel=\"canonical\" href=\"https:\/\/www.1sante.com\/online\/publicite\/\" \/>\n<meta property=\"og:locale\" content=\"fr_FR\" \/>\n<meta property=\"og:type\" content=\"article\" \/>\n<meta property=\"og:title\" content=\"Publicit\u00e9 - 1sant\u00e9\" \/>\n<meta property=\"og:description\" content=\"Publicit\u00e9 - 1sant\u00e9\" \/>\n<meta property=\"og:url\" content=\"https:\/\/www.1sante.com\/online\/publicite\/\" \/>\n<meta property=\"og:site_name\" content=\"1sant\u00e9\" \/>\n<meta property=\"article:publisher\" content=\"https:\/\/web.facebook.com\/annuairemedical1sante\/\" \/>\n<meta property=\"article:modified_time\" content=\"2023-10-27T17:05:49+00:00\" \/>\n<meta name=\"twitter:card\" content=\"summary_large_image\" \/>\n<meta name=\"twitter:label1\" content=\"Dur\u00e9e de lecture estim\u00e9e\" \/>\n\t<meta name=\"twitter:data1\" content=\"1 minute\" \/>\n<script type=\"application\/ld+json\" class=\"yoast-schema-graph\">{\"@context\":\"https:\/\/schema.org\",\"@graph\":[{\"@type\":\"WebPage\",\"@id\":\"https:\/\/www.1sante.com\/online\/publicite\/\",\"url\":\"https:\/\/www.1sante.com\/online\/publicite\/\",\"name\":\"Publicit\u00e9 - 1sant\u00e9\",\"isPartOf\":{\"@id\":\"https:\/\/www.1sante.com\/online\/#website\"},\"datePublished\":\"2022-06-29T19:22:24+00:00\",\"dateModified\":\"2023-10-27T17:05:49+00:00\",\"description\":\"Publicit\u00e9 - 1sant\u00e9\",\"breadcrumb\":{\"@id\":\"https:\/\/www.1sante.com\/online\/publicite\/#breadcrumb\"},\"inLanguage\":\"fr-FR\",\"potentialAction\":[{\"@type\":\"ReadAction\",\"target\":[\"https:\/\/www.1sante.com\/online\/publicite\/\"]}]},{\"@type\":\"BreadcrumbList\",\"@id\":\"https:\/\/www.1sante.com\/online\/publicite\/#breadcrumb\",\"itemListElement\":[{\"@type\":\"ListItem\",\"position\":1,\"name\":\"Accueil\",\"item\":\"https:\/\/www.1sante.com\/online\/\"},{\"@type\":\"ListItem\",\"position\":2,\"name\":\"Publicit\u00e9\"}]},{\"@type\":\"WebSite\",\"@id\":\"https:\/\/www.1sante.com\/online\/#website\",\"url\":\"https:\/\/www.1sante.com\/online\/\",\"name\":\"1sant\u00e9\",\"description\":\"1er Annuaire m\u00e9dical en Alg\u00e9rie\",\"potentialAction\":[{\"@type\":\"SearchAction\",\"target\":{\"@type\":\"EntryPoint\",\"urlTemplate\":\"https:\/\/www.1sante.com\/online\/?s={search_term_string}\"},\"query-input\":{\"@type\":\"PropertyValueSpecification\",\"valueRequired\":true,\"valueName\":\"search_term_string\"}}],\"inLanguage\":\"fr-FR\"}]}<\/script>\n<!-- \/ Yoast SEO plugin. -->","yoast_head_json":{"title":"Publicit\u00e9 - 1sant\u00e9","description":"Publicit\u00e9 - 1sant\u00e9","robots":{"index":"index","follow":"follow","max-snippet":"max-snippet:-1","max-image-preview":"max-image-preview:large","max-video-preview":"max-video-preview:-1"},"canonical":"https:\/\/www.1sante.com\/online\/publicite\/","og_locale":"fr_FR","og_type":"article","og_title":"Publicit\u00e9 - 1sant\u00e9","og_description":"Publicit\u00e9 - 1sant\u00e9","og_url":"https:\/\/www.1sante.com\/online\/publicite\/","og_site_name":"1sant\u00e9","article_publisher":"https:\/\/web.facebook.com\/annuairemedical1sante\/","article_modified_time":"2023-10-27T17:05:49+00:00","twitter_card":"summary_large_image","twitter_misc":{"Dur\u00e9e de lecture estim\u00e9e":"1 minute"},"schema":{"@context":"https:\/\/schema.org","@graph":[{"@type":"WebPage","@id":"https:\/\/www.1sante.com\/online\/publicite\/","url":"https:\/\/www.1sante.com\/online\/publicite\/","name":"Publicit\u00e9 - 1sant\u00e9","isPartOf":{"@id":"https:\/\/www.1sante.com\/online\/#website"},"datePublished":"2022-06-29T19:22:24+00:00","dateModified":"2023-10-27T17:05:49+00:00","description":"Publicit\u00e9 - 1sant\u00e9","breadcrumb":{"@id":"https:\/\/www.1sante.com\/online\/publicite\/#breadcrumb"},"inLanguage":"fr-FR","potentialAction":[{"@type":"ReadAction","target":["https:\/\/www.1sante.com\/online\/publicite\/"]}]},{"@type":"BreadcrumbList","@id":"https:\/\/www.1sante.com\/online\/publicite\/#breadcrumb","itemListElement":[{"@type":"ListItem","position":1,"name":"Accueil","item":"https:\/\/www.1sante.com\/online\/"},{"@type":"ListItem","position":2,"name":"Publicit\u00e9"}]},{"@type":"WebSite","@id":"https:\/\/www.1sante.com\/online\/#website","url":"https:\/\/www.1sante.com\/online\/","name":"1sant\u00e9","description":"1er Annuaire m\u00e9dical en Alg\u00e9rie","potentialAction":[{"@type":"SearchAction","target":{"@type":"EntryPoint","urlTemplate":"https:\/\/www.1sante.com\/online\/?s={search_term_string}"},"query-input":{"@type":"PropertyValueSpecification","valueRequired":true,"valueName":"search_term_string"}}],"inLanguage":"fr-FR"}]}},"_links":{"self":[{"href":"https:\/\/www.1sante.com\/online\/wp-json\/wp\/v2\/pages\/6511","targetHints":{"allow":["GET"]}}],"collection":[{"href":"https:\/\/www.1sante.com\/online\/wp-json\/wp\/v2\/pages"}],"about":[{"href":"https:\/\/www.1sante.com\/online\/wp-json\/wp\/v2\/types\/page"}],"author":[{"embeddable":true,"href":"https:\/\/www.1sante.com\/online\/wp-json\/wp\/v2\/users\/2"}],"replies":[{"embeddable":true,"href":"https:\/\/www.1sante.com\/online\/wp-json\/wp\/v2\/comments?post=6511"}],"version-history":[{"count":9,"href":"https:\/\/www.1sante.com\/online\/wp-json\/wp\/v2\/pages\/6511\/revisions"}],"predecessor-version":[{"id":15497,"href":"https:\/\/www.1sante.com\/online\/wp-json\/wp\/v2\/pages\/6511\/revisions\/15497"}],"wp:attachment":[{"href":"https:\/\/www.1sante.com\/online\/wp-json\/wp\/v2\/media?parent=6511"}],"curies":[{"name":"wp","href":"https:\/\/api.w.org\/{rel}","templated":true}]}}