{"id":3,"date":"2022-03-07T21:24:16","date_gmt":"2022-03-07T21:24:16","guid":{"rendered":"https:\/\/www.1sante.com\/online\/?page_id=3"},"modified":"2022-07-27T12:19:58","modified_gmt":"2022-07-27T11:19:58","slug":"vie-privee","status":"publish","type":"page","link":"https:\/\/www.1sante.com\/online\/vie-privee\/","title":{"rendered":"Vie priv\u00e9e"},"content":{"rendered":"<p><strong>1Sante.com<\/strong> tient \u00e0 respecter votre vie priv\u00e9e. Veuillez lire ce qui suit afin de comprendre comment sont utilis\u00e9es vos informations personnelles.<\/p>\n<p><strong>Quelles sont les\u00a0 informations personnelles collect\u00e9es<\/strong><\/p>\n<p><strong>www.1sante.com<\/strong> collecte des informations de diff\u00e9rentes mani\u00e8res selon les pages du site.<br \/>\nUne partie des informations est collect\u00e9e lors de votre inscription. Notamment, votre nom et votre E-mail. Nous vous demandons \u00e9galement votre adresse , votre ville, votre r\u00e9gion, votre pays, votre N\u00b0 de t\u00e9l\u00e9phone et l&#8217;adresse de votre site web si vous en poss\u00e9dez un\u00a0\u00a0 .<br \/>\nEn plus de l&#8217;inscription, nous pouvons parfois vous demander des informations compl\u00e9mentaires. Si vous nous contactez, nous pouvons conserver une trace de votre correspondance. Chaque page de <strong>1Sante.com<\/strong> comprend un lien vers cette charte de respect de la vie priv\u00e9e.<\/p>\n<p>&nbsp;<\/p>\n<p><strong><u>Qu&#8217;est ce qu&#8217;un cookie et comment est il utilis\u00e9 ?<\/u><\/strong><\/p>\n<p>Afin d&#8217;offrir un service personnalis\u00e9, <strong>1Sante.com<\/strong> peut utiliser des cookies pour enregistrer ou r\u00e9cup\u00e9rer des informations \u00e0 votre sujet.<\/p>\n<p>D&#8217;une mani\u00e8re g\u00e9n\u00e9rale, nous utilisons les cookies pour les besoins suivants:<\/p>\n<ul>\n<li>Pour identifier et vous montrer les nouveaux posts ou nouvelles annonces depuis votre derni\u00e8re visite.<\/li>\n<li>Vous donnez la possibilit\u00e9 de sauvegarder votre mot de passe(seulement si vous utilisez votre propre machine) afin que vous n&#8217;ayez pas \u00e0 le ressaisir \u00e0 chaque fois .<\/li>\n<li><strong>1Sante.com<\/strong> peut \u00e9galement collecter des adresses IP pour l&#8217;administration de notre syst\u00e8me et pour produire des analyses de fr\u00e9quentations \u00e0 nos acheteurs d&#8217;espace publicitaire .<\/li>\n<\/ul>\n<p>&nbsp;<\/p>\n<p><strong><u>Comment Vos informations sont-elles utilis\u00e9es\u00a0 ?<\/u><\/strong><\/p>\n<p>Le premier objectif de <strong>1Sante.com<\/strong> en collectant des informations personnelles est de vous fournir une navigation personnalis\u00e9e.<\/p>\n<p>&nbsp;<\/p>\n<p><strong><u>Qui a le droit d&#8217;acc\u00e8s \u00e0 vos informations ?<\/u><\/strong><\/p>\n<p>Uniquement <strong>1Sante.com ,<\/strong> Nous nous interdisons toute revente ou divulgation de vos informations personnelles sans votre consentement<\/p>\n<p>&nbsp;<\/p>\n<p><strong><u>Avec qui les informations peuvent-elles \u00eatre partag\u00e9es ?<\/u><\/strong><\/p>\n<p><strong>1Sante.com\u00a0<\/strong> peut divulguer vos informations \u00e0 autrui en cas de force majeure (ex: l&#8217;utilisation des informations d&#8217;autre personne sans autorisation&#8230;) ou lorsque la loi nous le demande express\u00e9ment pour des raisons d&#8217;enqu\u00eate ou pour des actions en justice. Ceci ne peut arriver que si un utilisateur ne respecte pas les conditions d&#8217;utilisation de ce site et nous cause des dommages.<\/p>\n<p>&nbsp;<\/p>\n<p><strong><u>Comment acc\u00e9der, mettre \u00e0 jour ou supprimer mes informations ?<\/u><\/strong><\/p>\n<p>En cas de perte de vos codes d&#8217;acc\u00e8s, nous vous fournissons les moyens de les r\u00e9cup\u00e9rer directement par E-mail (une adresse e-mail incorrecte rendra ses services impossible y compris le support technique).<\/p>\n<p>&nbsp;<\/p>\n<p><strong><u>Comment<\/u><\/strong> <strong><u>www.1Sante.com <\/u><\/strong><strong><u>prot\u00e9ge t-il les enfants ?<\/u><\/strong><\/p>\n<p>Nous sommes bien \u00e9videmment tr\u00e8s attentifs \u00e0 la s\u00e9curit\u00e9 des enfants.<\/p>\n<p>L&#8217;id\u00e9al serait que les enfants demandent toujours l&#8217;autorisation \u00e0 leurs parents avant d&#8217;envoyer des informations personnelles \u00e0 quiconque en ligne. <strong>1Sante.com\u00a0 <\/strong>ne divulgue jamais les informations personnelles relatives aux utilisateurs mineurs \u00e0 des tiers et ne vend ni ne c\u00e8de des informations confidentielles en rapport avec ses utilisateurs, quel que soit leur \u00e2ge.<\/p>\n","protected":false},"excerpt":{"rendered":"<p>1Sante.com tient \u00e0 respecter votre vie priv\u00e9e. Veuillez lire ce qui suit afin de comprendre comment sont utilis\u00e9es vos informations personnelles. Quelles sont les\u00a0 informations personnelles collect\u00e9es www.1sante.com collecte des informations de diff\u00e9rentes mani\u00e8res selon les pages du site. Une partie des informations est collect\u00e9e lors de votre inscription. Notamment, votre nom et votre E-mail. &hellip;<\/p>\n","protected":false},"author":2,"featured_media":0,"parent":0,"menu_order":0,"comment_status":"closed","ping_status":"closed","template":"","meta":{"footnotes":""},"class_list":["post-3","page","type-page","status-publish","hentry"],"yoast_head":"<!-- This site is optimized with the Yoast SEO plugin v27.0 - https:\/\/yoast.com\/product\/yoast-seo-wordpress\/ -->\n<title>Vie priv\u00e9e - 1sant\u00e9<\/title>\n<meta name=\"description\" content=\"Vie priv\u00e9e - 1sant\u00e9\" \/>\n<meta name=\"robots\" content=\"index, follow, max-snippet:-1, max-image-preview:large, max-video-preview:-1\" \/>\n<link rel=\"canonical\" href=\"https:\/\/www.1sante.com\/online\/vie-privee\/\" \/>\n<meta property=\"og:locale\" content=\"fr_FR\" \/>\n<meta property=\"og:type\" content=\"article\" \/>\n<meta property=\"og:title\" content=\"Vie priv\u00e9e - 1sant\u00e9\" \/>\n<meta property=\"og:description\" content=\"Vie priv\u00e9e - 1sant\u00e9\" \/>\n<meta property=\"og:url\" content=\"https:\/\/www.1sante.com\/online\/vie-privee\/\" \/>\n<meta property=\"og:site_name\" content=\"1sant\u00e9\" \/>\n<meta property=\"article:publisher\" content=\"https:\/\/web.facebook.com\/annuairemedical1sante\/\" \/>\n<meta property=\"article:modified_time\" content=\"2022-07-27T11:19:58+00:00\" \/>\n<meta name=\"twitter:card\" content=\"summary_large_image\" \/>\n<meta name=\"twitter:label1\" content=\"Dur\u00e9e de lecture estim\u00e9e\" \/>\n\t<meta name=\"twitter:data1\" content=\"3 minutes\" \/>\n<script type=\"application\/ld+json\" class=\"yoast-schema-graph\">{\"@context\":\"https:\/\/schema.org\",\"@graph\":[{\"@type\":\"WebPage\",\"@id\":\"https:\/\/www.1sante.com\/online\/vie-privee\/\",\"url\":\"https:\/\/www.1sante.com\/online\/vie-privee\/\",\"name\":\"Vie priv\u00e9e - 1sant\u00e9\",\"isPartOf\":{\"@id\":\"https:\/\/www.1sante.com\/online\/#website\"},\"datePublished\":\"2022-03-07T21:24:16+00:00\",\"dateModified\":\"2022-07-27T11:19:58+00:00\",\"description\":\"Vie priv\u00e9e - 1sant\u00e9\",\"breadcrumb\":{\"@id\":\"https:\/\/www.1sante.com\/online\/vie-privee\/#breadcrumb\"},\"inLanguage\":\"fr-FR\",\"potentialAction\":[{\"@type\":\"ReadAction\",\"target\":[\"https:\/\/www.1sante.com\/online\/vie-privee\/\"]}]},{\"@type\":\"BreadcrumbList\",\"@id\":\"https:\/\/www.1sante.com\/online\/vie-privee\/#breadcrumb\",\"itemListElement\":[{\"@type\":\"ListItem\",\"position\":1,\"name\":\"Accueil\",\"item\":\"https:\/\/www.1sante.com\/online\/\"},{\"@type\":\"ListItem\",\"position\":2,\"name\":\"Vie priv\u00e9e\"}]},{\"@type\":\"WebSite\",\"@id\":\"https:\/\/www.1sante.com\/online\/#website\",\"url\":\"https:\/\/www.1sante.com\/online\/\",\"name\":\"1sant\u00e9\",\"description\":\"1er Annuaire m\u00e9dical en Alg\u00e9rie\",\"potentialAction\":[{\"@type\":\"SearchAction\",\"target\":{\"@type\":\"EntryPoint\",\"urlTemplate\":\"https:\/\/www.1sante.com\/online\/?s={search_term_string}\"},\"query-input\":{\"@type\":\"PropertyValueSpecification\",\"valueRequired\":true,\"valueName\":\"search_term_string\"}}],\"inLanguage\":\"fr-FR\"}]}<\/script>\n<!-- \/ Yoast SEO plugin. -->","yoast_head_json":{"title":"Vie priv\u00e9e - 1sant\u00e9","description":"Vie priv\u00e9e - 1sant\u00e9","robots":{"index":"index","follow":"follow","max-snippet":"max-snippet:-1","max-image-preview":"max-image-preview:large","max-video-preview":"max-video-preview:-1"},"canonical":"https:\/\/www.1sante.com\/online\/vie-privee\/","og_locale":"fr_FR","og_type":"article","og_title":"Vie priv\u00e9e - 1sant\u00e9","og_description":"Vie priv\u00e9e - 1sant\u00e9","og_url":"https:\/\/www.1sante.com\/online\/vie-privee\/","og_site_name":"1sant\u00e9","article_publisher":"https:\/\/web.facebook.com\/annuairemedical1sante\/","article_modified_time":"2022-07-27T11:19:58+00:00","twitter_card":"summary_large_image","twitter_misc":{"Dur\u00e9e de lecture estim\u00e9e":"3 minutes"},"schema":{"@context":"https:\/\/schema.org","@graph":[{"@type":"WebPage","@id":"https:\/\/www.1sante.com\/online\/vie-privee\/","url":"https:\/\/www.1sante.com\/online\/vie-privee\/","name":"Vie priv\u00e9e - 1sant\u00e9","isPartOf":{"@id":"https:\/\/www.1sante.com\/online\/#website"},"datePublished":"2022-03-07T21:24:16+00:00","dateModified":"2022-07-27T11:19:58+00:00","description":"Vie priv\u00e9e - 1sant\u00e9","breadcrumb":{"@id":"https:\/\/www.1sante.com\/online\/vie-privee\/#breadcrumb"},"inLanguage":"fr-FR","potentialAction":[{"@type":"ReadAction","target":["https:\/\/www.1sante.com\/online\/vie-privee\/"]}]},{"@type":"BreadcrumbList","@id":"https:\/\/www.1sante.com\/online\/vie-privee\/#breadcrumb","itemListElement":[{"@type":"ListItem","position":1,"name":"Accueil","item":"https:\/\/www.1sante.com\/online\/"},{"@type":"ListItem","position":2,"name":"Vie priv\u00e9e"}]},{"@type":"WebSite","@id":"https:\/\/www.1sante.com\/online\/#website","url":"https:\/\/www.1sante.com\/online\/","name":"1sant\u00e9","description":"1er Annuaire m\u00e9dical en Alg\u00e9rie","potentialAction":[{"@type":"SearchAction","target":{"@type":"EntryPoint","urlTemplate":"https:\/\/www.1sante.com\/online\/?s={search_term_string}"},"query-input":{"@type":"PropertyValueSpecification","valueRequired":true,"valueName":"search_term_string"}}],"inLanguage":"fr-FR"}]}},"_links":{"self":[{"href":"https:\/\/www.1sante.com\/online\/wp-json\/wp\/v2\/pages\/3","targetHints":{"allow":["GET"]}}],"collection":[{"href":"https:\/\/www.1sante.com\/online\/wp-json\/wp\/v2\/pages"}],"about":[{"href":"https:\/\/www.1sante.com\/online\/wp-json\/wp\/v2\/types\/page"}],"author":[{"embeddable":true,"href":"https:\/\/www.1sante.com\/online\/wp-json\/wp\/v2\/users\/2"}],"replies":[{"embeddable":true,"href":"https:\/\/www.1sante.com\/online\/wp-json\/wp\/v2\/comments?post=3"}],"version-history":[{"count":6,"href":"https:\/\/www.1sante.com\/online\/wp-json\/wp\/v2\/pages\/3\/revisions"}],"predecessor-version":[{"id":8482,"href":"https:\/\/www.1sante.com\/online\/wp-json\/wp\/v2\/pages\/3\/revisions\/8482"}],"wp:attachment":[{"href":"https:\/\/www.1sante.com\/online\/wp-json\/wp\/v2\/media?parent=3"}],"curies":[{"name":"wp","href":"https:\/\/api.w.org\/{rel}","templated":true}]}}