{"id":18892,"date":"2024-02-15T20:11:46","date_gmt":"2024-02-15T19:11:46","guid":{"rendered":"https:\/\/www.1sante.com\/annonces\/terms-and-conditions\/"},"modified":"2024-02-24T15:49:41","modified_gmt":"2024-02-24T14:49:41","slug":"conditions-dutilisation","status":"publish","type":"page","link":"https:\/\/www.1sante.com\/annonces\/conditions-dutilisation\/","title":{"rendered":"Conditions d&#8217;utilisation"},"content":{"rendered":"<p><strong><u>MENTIONS LEGALES<\/u><\/strong><\/p>\n<p><a href=\"http:\/\/www.1sante.com\/\">www.1sante.com<\/a> est un site qui s\u2019adresse aux professionnels de la sant\u00e9, aux \u00e9tudiants en m\u00e9decine et au grand public, Ceci pour mieux faire connaitre nos actions.<\/p>\n<p>La qualit\u00e9 de l\u2019information a fait l\u2019objet d\u2019un soin particulier et a \u00e9t\u00e9 rigoureusement s\u00e9lectionn\u00e9s.<\/p>\n<p>Nous tenons toutefois \u00e0 pr\u00e9ciser :<\/p>\n<p><strong>Autorit\u00e9<br \/>\n<\/strong>Le contenu de notre site est v\u00e9rifi\u00e9 , nous travaillions quotidiennement \u00e0 nous assurer de la pertinence de l\u2019information,\u00a0 aussi, <a href=\"http:\/\/www.1sante.com\/\">www.1sante.com<\/a> \u00a0garantit la v\u00e9racit\u00e9 des documents publi\u00e9s mais ne saurait \u00eatre tenu responsable de l\u2019utilisation du contenu.<\/p>\n<p><strong>Compl\u00e9mentarit\u00e9<\/strong><br \/>\nL\u2019information diffus\u00e9e sur le site <a href=\"http:\/\/www.1sante.com\/\">www.1sante.com<\/a> est destin\u00e9e \u00e0 encourager, et non \u00e0 remplacer, les relations existantes entre patient (visiteur du site web) et m\u00e9decin.<\/p>\n<p><strong>Confidentialit\u00e9 &amp; protection des donn\u00e9es<br \/>\n<\/strong><a href=\"http:\/\/www.1sante.com\/\">www.1sante.com<\/a> \u00a0s\u2019engage \u00e0 toujours respecter la vie priv\u00e9e et l\u2019anonymat de ses utilisateurs, y compris des participants aux enqu\u00eates. Les outils que nous proposons sont libres d\u2019acc\u00e8s.<\/p>\n<p>Les informations personnelles concernant les visiteurs, \u00e0 savoir votre identit\u00e9 si vous la donnez, l\u2019adresse e-mail, le nom et toutes autres donn\u00e9es sont strictement confidentielles. Aucune information n\u2019est transmise \u00e0 une organisation ext\u00e9rieure.<\/p>\n<p><strong>Honn\u00eatet\u00e9 dans la publicit\u00e9 et la politique \u00e9ditoriale<br \/>\n<\/strong>Pour l\u2019administration du site <a href=\"http:\/\/www.1sante.com\/\">www.1sante.com<\/a> , des banni\u00e8res publicitaires sont affich\u00e9es. Cette publicit\u00e9 n&#8217;a pas de lien ou d&#8217;impact sur le contenu \u00e9ditorial.<\/p>\n<p><strong>Attribution<br \/>\n<\/strong>Les informations donn\u00e9es sur notre site sont toujours associ\u00e9es \u00e0 une r\u00e9f\u00e9rence li\u00e9e \u00e0 l\u2019origine de la source (adresse Web ou qualificatif de l&#8217;auteur). <a href=\"http:\/\/www.1sante.com\/\">www.1sante.com<\/a> \u00a0ne peut en aucun cas \u00eatre tenu responsable relativement \u00e0 quelque pr\u00e9judice, inconv\u00e9nient et\/ou dommage li\u00e9 directement ou indirectement \u00e0 la lecture, \u00e0 la consultation et\/ou \u00e0 l\u2019utilisation du pr\u00e9sent site Web et\/ou de son contenu.<\/p>\n<p>Nonobstant ce qui pr\u00e9c\u00e8de, toute commercialisation, directe ou indirecte, de quelque texte contenu dans le pr\u00e9sent site Web est strictement interdite. En utilisant le pr\u00e9sent site Web, vous acceptez et reconnaissez que tout aspect de cette utilisation est sujet aux lois de l\u2019Alg\u00e9rie.<\/p>\n<p><strong>Contact <\/strong><br \/>\n<a href=\"mailto:info@1sante.com\">info@1sante.com<\/a><\/p>\n<p><strong>Source de revenu<\/strong><br \/>\nLe site web de <a href=\"http:\/\/www.1sante.com\/\">www.1sante.com<\/a> est financ\u00e9 sur fonds propres du propri\u00e9taire du site web et du fonds provenant de la publicit\u00e9.<\/p>\n","protected":false},"excerpt":{"rendered":"<p>MENTIONS LEGALES www.1sante.com est un site qui s\u2019adresse aux professionnels de la sant\u00e9, aux \u00e9tudiants en m\u00e9decine et au grand public, Ceci pour mieux faire connaitre nos actions. La qualit\u00e9 de l\u2019information a fait l\u2019objet d\u2019un soin particulier et a \u00e9t\u00e9 rigoureusement s\u00e9lectionn\u00e9s. Nous tenons toutefois \u00e0 pr\u00e9ciser : Autorit\u00e9 Le contenu de notre site &hellip;<\/p>\n","protected":false},"author":2,"featured_media":0,"parent":0,"menu_order":0,"comment_status":"closed","ping_status":"closed","template":"","meta":{"footnotes":""},"class_list":["post-18892","page","type-page","status-publish","hentry"],"_links":{"self":[{"href":"https:\/\/www.1sante.com\/annonces\/wp-json\/wp\/v2\/pages\/18892","targetHints":{"allow":["GET"]}}],"collection":[{"href":"https:\/\/www.1sante.com\/annonces\/wp-json\/wp\/v2\/pages"}],"about":[{"href":"https:\/\/www.1sante.com\/annonces\/wp-json\/wp\/v2\/types\/page"}],"author":[{"embeddable":true,"href":"https:\/\/www.1sante.com\/annonces\/wp-json\/wp\/v2\/users\/2"}],"replies":[{"embeddable":true,"href":"https:\/\/www.1sante.com\/annonces\/wp-json\/wp\/v2\/comments?post=18892"}],"version-history":[{"count":1,"href":"https:\/\/www.1sante.com\/annonces\/wp-json\/wp\/v2\/pages\/18892\/revisions"}],"predecessor-version":[{"id":19460,"href":"https:\/\/www.1sante.com\/annonces\/wp-json\/wp\/v2\/pages\/18892\/revisions\/19460"}],"wp:attachment":[{"href":"https:\/\/www.1sante.com\/annonces\/wp-json\/wp\/v2\/media?parent=18892"}],"curies":[{"name":"wp","href":"https:\/\/api.w.org\/{rel}","templated":true}]}}